{"id":1219,"date":"2020-01-09T13:50:14","date_gmt":"2020-01-09T13:50:14","guid":{"rendered":"https:\/\/www.postrelais.eu\/ueber-uns\/"},"modified":"2023-07-12T13:05:04","modified_gmt":"2023-07-12T13:05:04","slug":"ueber-uns","status":"publish","type":"page","link":"https:\/\/www.postrelais.eu\/fr\/ueber-uns\/","title":{"rendered":"A propos de nous"},"content":{"rendered":"","protected":false},"excerpt":{"rendered":"","protected":false},"author":2,"featured_media":628,"parent":0,"menu_order":29,"comment_status":"closed","ping_status":"closed","template":"","meta":{"_acf_changed":false,"footnotes":""},"class_list":["post-1219","page","type-page","status-publish","has-post-thumbnail","hentry"],"acf":[],"yoast_head":"<!-- This site is optimized with the Yoast SEO plugin v27.5 - https:\/\/yoast.com\/product\/yoast-seo-wordpress\/ -->\n<title>A propos de nous - Postrelais Oudler<\/title>\n<meta name=\"description\" content=\"Le relais postal d&#039;Oudler a une longue histoire qui remonte \u00e0 la R\u00e9volution fran\u00e7aise. Apprenez-en davantage sur nous !\" \/>\n<meta name=\"robots\" content=\"index, follow, max-snippet:-1, max-image-preview:large, max-video-preview:-1\" \/>\n<link rel=\"canonical\" href=\"https:\/\/www.postrelais.eu\/fr\/ueber-uns\/\" \/>\n<meta property=\"og:locale\" content=\"fr_FR\" \/>\n<meta property=\"og:type\" content=\"article\" \/>\n<meta property=\"og:title\" content=\"A propos de nous - Postrelais Oudler\" \/>\n<meta property=\"og:description\" content=\"Le relais postal d&#039;Oudler a une longue histoire qui remonte \u00e0 la R\u00e9volution fran\u00e7aise. Apprenez-en davantage sur nous !\" \/>\n<meta property=\"og:url\" content=\"https:\/\/www.postrelais.eu\/fr\/ueber-uns\/\" \/>\n<meta property=\"og:site_name\" content=\"Postrelais\" \/>\n<meta property=\"article:modified_time\" content=\"2023-07-12T13:05:04+00:00\" \/>\n<meta property=\"og:image\" content=\"https:\/\/www.postrelais.eu\/wp-content\/uploads\/2021\/05\/Ueber-uns-Hintergrund.jpg\" \/>\n\t<meta property=\"og:image:width\" content=\"1280\" \/>\n\t<meta property=\"og:image:height\" content=\"330\" \/>\n\t<meta property=\"og:image:type\" content=\"image\/jpeg\" \/>\n<meta name=\"twitter:card\" content=\"summary_large_image\" \/>\n<script type=\"application\/ld+json\" class=\"yoast-schema-graph\">{\"@context\":\"https:\\\/\\\/schema.org\",\"@graph\":[{\"@type\":\"WebPage\",\"@id\":\"https:\\\/\\\/www.postrelais.eu\\\/fr\\\/ueber-uns\\\/\",\"url\":\"https:\\\/\\\/www.postrelais.eu\\\/fr\\\/ueber-uns\\\/\",\"name\":\"A propos de nous - Postrelais Oudler\",\"isPartOf\":{\"@id\":\"https:\\\/\\\/www.postrelais.eu\\\/#website\"},\"primaryImageOfPage\":{\"@id\":\"https:\\\/\\\/www.postrelais.eu\\\/fr\\\/ueber-uns\\\/#primaryimage\"},\"image\":{\"@id\":\"https:\\\/\\\/www.postrelais.eu\\\/fr\\\/ueber-uns\\\/#primaryimage\"},\"thumbnailUrl\":\"https:\\\/\\\/www.postrelais.eu\\\/wp-content\\\/uploads\\\/2021\\\/05\\\/Ueber-uns-Hintergrund.jpg\",\"datePublished\":\"2020-01-09T13:50:14+00:00\",\"dateModified\":\"2023-07-12T13:05:04+00:00\",\"description\":\"Le relais postal d'Oudler a une longue histoire qui remonte \u00e0 la R\u00e9volution fran\u00e7aise. Apprenez-en davantage sur nous !\",\"inLanguage\":\"fr-FR\",\"potentialAction\":[{\"@type\":\"ReadAction\",\"target\":[\"https:\\\/\\\/www.postrelais.eu\\\/fr\\\/ueber-uns\\\/\"]}]},{\"@type\":\"ImageObject\",\"inLanguage\":\"fr-FR\",\"@id\":\"https:\\\/\\\/www.postrelais.eu\\\/fr\\\/ueber-uns\\\/#primaryimage\",\"url\":\"https:\\\/\\\/www.postrelais.eu\\\/wp-content\\\/uploads\\\/2021\\\/05\\\/Ueber-uns-Hintergrund.jpg\",\"contentUrl\":\"https:\\\/\\\/www.postrelais.eu\\\/wp-content\\\/uploads\\\/2021\\\/05\\\/Ueber-uns-Hintergrund.jpg\",\"width\":1280,\"height\":330},{\"@type\":\"WebSite\",\"@id\":\"https:\\\/\\\/www.postrelais.eu\\\/#website\",\"url\":\"https:\\\/\\\/www.postrelais.eu\\\/\",\"name\":\"Postrelais\",\"description\":\"Just another WordPress site\",\"potentialAction\":[{\"@type\":\"SearchAction\",\"target\":{\"@type\":\"EntryPoint\",\"urlTemplate\":\"https:\\\/\\\/www.postrelais.eu\\\/?s={search_term_string}\"},\"query-input\":{\"@type\":\"PropertyValueSpecification\",\"valueRequired\":true,\"valueName\":\"search_term_string\"}}],\"inLanguage\":\"fr-FR\"}]}<\/script>\n<!-- \/ Yoast SEO plugin. -->","yoast_head_json":{"title":"A propos de nous - Postrelais Oudler","description":"Le relais postal d'Oudler a une longue histoire qui remonte \u00e0 la R\u00e9volution fran\u00e7aise. Apprenez-en davantage sur nous !","robots":{"index":"index","follow":"follow","max-snippet":"max-snippet:-1","max-image-preview":"max-image-preview:large","max-video-preview":"max-video-preview:-1"},"canonical":"https:\/\/www.postrelais.eu\/fr\/ueber-uns\/","og_locale":"fr_FR","og_type":"article","og_title":"A propos de nous - Postrelais Oudler","og_description":"Le relais postal d'Oudler a une longue histoire qui remonte \u00e0 la R\u00e9volution fran\u00e7aise. Apprenez-en davantage sur nous !","og_url":"https:\/\/www.postrelais.eu\/fr\/ueber-uns\/","og_site_name":"Postrelais","article_modified_time":"2023-07-12T13:05:04+00:00","og_image":[{"width":1280,"height":330,"url":"https:\/\/www.postrelais.eu\/wp-content\/uploads\/2021\/05\/Ueber-uns-Hintergrund.jpg","type":"image\/jpeg"}],"twitter_card":"summary_large_image","schema":{"@context":"https:\/\/schema.org","@graph":[{"@type":"WebPage","@id":"https:\/\/www.postrelais.eu\/fr\/ueber-uns\/","url":"https:\/\/www.postrelais.eu\/fr\/ueber-uns\/","name":"A propos de nous - Postrelais Oudler","isPartOf":{"@id":"https:\/\/www.postrelais.eu\/#website"},"primaryImageOfPage":{"@id":"https:\/\/www.postrelais.eu\/fr\/ueber-uns\/#primaryimage"},"image":{"@id":"https:\/\/www.postrelais.eu\/fr\/ueber-uns\/#primaryimage"},"thumbnailUrl":"https:\/\/www.postrelais.eu\/wp-content\/uploads\/2021\/05\/Ueber-uns-Hintergrund.jpg","datePublished":"2020-01-09T13:50:14+00:00","dateModified":"2023-07-12T13:05:04+00:00","description":"Le relais postal d'Oudler a une longue histoire qui remonte \u00e0 la R\u00e9volution fran\u00e7aise. Apprenez-en davantage sur nous !","inLanguage":"fr-FR","potentialAction":[{"@type":"ReadAction","target":["https:\/\/www.postrelais.eu\/fr\/ueber-uns\/"]}]},{"@type":"ImageObject","inLanguage":"fr-FR","@id":"https:\/\/www.postrelais.eu\/fr\/ueber-uns\/#primaryimage","url":"https:\/\/www.postrelais.eu\/wp-content\/uploads\/2021\/05\/Ueber-uns-Hintergrund.jpg","contentUrl":"https:\/\/www.postrelais.eu\/wp-content\/uploads\/2021\/05\/Ueber-uns-Hintergrund.jpg","width":1280,"height":330},{"@type":"WebSite","@id":"https:\/\/www.postrelais.eu\/#website","url":"https:\/\/www.postrelais.eu\/","name":"Postrelais","description":"Just another WordPress site","potentialAction":[{"@type":"SearchAction","target":{"@type":"EntryPoint","urlTemplate":"https:\/\/www.postrelais.eu\/?s={search_term_string}"},"query-input":{"@type":"PropertyValueSpecification","valueRequired":true,"valueName":"search_term_string"}}],"inLanguage":"fr-FR"}]}},"_links":{"self":[{"href":"https:\/\/www.postrelais.eu\/fr\/wp-json\/wp\/v2\/pages\/1219","targetHints":{"allow":["GET"]}}],"collection":[{"href":"https:\/\/www.postrelais.eu\/fr\/wp-json\/wp\/v2\/pages"}],"about":[{"href":"https:\/\/www.postrelais.eu\/fr\/wp-json\/wp\/v2\/types\/page"}],"author":[{"embeddable":true,"href":"https:\/\/www.postrelais.eu\/fr\/wp-json\/wp\/v2\/users\/2"}],"replies":[{"embeddable":true,"href":"https:\/\/www.postrelais.eu\/fr\/wp-json\/wp\/v2\/comments?post=1219"}],"version-history":[{"count":10,"href":"https:\/\/www.postrelais.eu\/fr\/wp-json\/wp\/v2\/pages\/1219\/revisions"}],"predecessor-version":[{"id":4290,"href":"https:\/\/www.postrelais.eu\/fr\/wp-json\/wp\/v2\/pages\/1219\/revisions\/4290"}],"wp:featuredmedia":[{"embeddable":true,"href":"https:\/\/www.postrelais.eu\/fr\/wp-json\/wp\/v2\/media\/628"}],"wp:attachment":[{"href":"https:\/\/www.postrelais.eu\/fr\/wp-json\/wp\/v2\/media?parent=1219"}],"curies":[{"name":"wp","href":"https:\/\/api.w.org\/{rel}","templated":true}]}}