{"id":1218,"date":"2020-01-23T07:55:32","date_gmt":"2020-01-23T07:55:32","guid":{"rendered":"https:\/\/www.postrelais.eu\/9s-bus-rental\/"},"modified":"2021-11-16T10:58:32","modified_gmt":"2021-11-16T10:58:32","slug":"9s-bus-rental","status":"publish","type":"page","link":"https:\/\/www.postrelais.eu\/fr\/9s-bus-rental\/","title":{"rendered":"Mercedes-Benz Vito Sport Tourer 116 CDI 7 G Automatique Euro 6C"},"content":{"rendered":"<p>Cette solution est id\u00e9ale pour les clients du Postrelais qui souhaitent faire des excursions dans la r\u00e9gion et pour les personnes ext\u00e9rieures qui souhaitent utiliser le bus pour de courts trajets ou des excursions le week-end.<\/p>\n<p><strong>Mercedes-Benz Vito &#8211; Extra long<\/strong><\/p>\n<table>\n<tbody>\n<tr>\n<td width=\"301\">Fabricant<br \/>\nType de v\u00e9hicule<br \/>\nSi\u00e8ges<br \/>\nCouleur<br \/>\nAnn\u00e9e de fabrication<br \/>\nAmtl. Indicateur<br \/>\nD\u00e9placement en cm\u00b3<br \/>\nPS7kW<br \/>\nEmpattement<br \/>\nPMA<\/td>\n<td width=\"301\">Mercedes<br \/>\nVito<br \/>\n8+1<br \/>\nBlanc artificiel (MB9147) 77 Tissu, noir<br \/>\n2019<br \/>\nLA4790 (LU)<br \/>\n2.143cm\u00b3<br \/>\n120kW (163hp)<br \/>\nXXL 3.439mm<br \/>\n3100 kg<\/td>\n<\/tr>\n<\/tbody>\n<\/table>\n","protected":false},"excerpt":{"rendered":"<p>Cette solution est id\u00e9ale pour les clients du Postrelais qui souhaitent faire des excursions dans la r\u00e9gion et pour les personnes ext\u00e9rieures qui souhaitent utiliser le bus pour de courts trajets ou des excursions le week-end. Mercedes-Benz Vito &#8211; Extra long Fabricant Type de v\u00e9hicule Si\u00e8ges Couleur Ann\u00e9e de fabrication Amtl. Indicateur D\u00e9placement en cm\u00b3 [&hellip;]<\/p>\n","protected":false},"author":2,"featured_media":0,"parent":0,"menu_order":27,"comment_status":"closed","ping_status":"closed","template":"page-bus.php","meta":{"_acf_changed":false,"footnotes":""},"class_list":["post-1218","page","type-page","status-publish","hentry"],"acf":[],"yoast_head":"<!-- This site is optimized with the Yoast SEO plugin v26.8 - https:\/\/yoast.com\/product\/yoast-seo-wordpress\/ -->\n<title>Mercedes-Benz Vito Sport Tourer 116 CDI 7 G Automatique Euro 6C - Postrelais<\/title>\n<meta name=\"description\" content=\"Louez notre bus pour 8-9 personnes. D&#039;un jour \u00e0 12 jours. \u00c0 partir de 55 \u20ac. Id\u00e9al pour les petits groupes, pour un voyage \u00e0 travers la Belgique, le Luxembourg ou l&#039;Allemagne.\" \/>\n<meta name=\"robots\" content=\"index, follow, max-snippet:-1, max-image-preview:large, max-video-preview:-1\" \/>\n<link rel=\"canonical\" href=\"https:\/\/www.postrelais.eu\/fr\/9s-bus-rental\/\" \/>\n<meta property=\"og:locale\" content=\"fr_FR\" \/>\n<meta property=\"og:type\" content=\"article\" \/>\n<meta property=\"og:title\" content=\"Mercedes-Benz Vito Sport Tourer 116 CDI 7 G Automatique Euro 6C - Postrelais\" \/>\n<meta property=\"og:description\" content=\"Louez notre bus pour 8-9 personnes. D&#039;un jour \u00e0 12 jours. \u00c0 partir de 55 \u20ac. Id\u00e9al pour les petits groupes, pour un voyage \u00e0 travers la Belgique, le Luxembourg ou l&#039;Allemagne.\" \/>\n<meta property=\"og:url\" content=\"https:\/\/www.postrelais.eu\/fr\/9s-bus-rental\/\" \/>\n<meta property=\"og:site_name\" content=\"Postrelais\" \/>\n<meta property=\"article:modified_time\" content=\"2021-11-16T10:58:32+00:00\" \/>\n<meta name=\"twitter:card\" content=\"summary_large_image\" \/>\n<meta name=\"twitter:label1\" content=\"Dur\u00e9e de lecture estim\u00e9e\" \/>\n\t<meta name=\"twitter:data1\" content=\"1 minute\" \/>\n<script type=\"application\/ld+json\" class=\"yoast-schema-graph\">{\"@context\":\"https:\/\/schema.org\",\"@graph\":[{\"@type\":\"WebPage\",\"@id\":\"https:\/\/www.postrelais.eu\/fr\/9s-bus-rental\/\",\"url\":\"https:\/\/www.postrelais.eu\/fr\/9s-bus-rental\/\",\"name\":\"Mercedes-Benz Vito Sport Tourer 116 CDI 7 G Automatique Euro 6C - Postrelais\",\"isPartOf\":{\"@id\":\"https:\/\/www.postrelais.eu\/#website\"},\"datePublished\":\"2020-01-23T07:55:32+00:00\",\"dateModified\":\"2021-11-16T10:58:32+00:00\",\"description\":\"Louez notre bus pour 8-9 personnes. D'un jour \u00e0 12 jours. \u00c0 partir de 55 \u20ac. Id\u00e9al pour les petits groupes, pour un voyage \u00e0 travers la Belgique, le Luxembourg ou l'Allemagne.\",\"inLanguage\":\"fr-FR\",\"potentialAction\":[{\"@type\":\"ReadAction\",\"target\":[\"https:\/\/www.postrelais.eu\/fr\/9s-bus-rental\/\"]}]},{\"@type\":\"WebSite\",\"@id\":\"https:\/\/www.postrelais.eu\/#website\",\"url\":\"https:\/\/www.postrelais.eu\/\",\"name\":\"Postrelais\",\"description\":\"Just another WordPress site\",\"potentialAction\":[{\"@type\":\"SearchAction\",\"target\":{\"@type\":\"EntryPoint\",\"urlTemplate\":\"https:\/\/www.postrelais.eu\/?s={search_term_string}\"},\"query-input\":{\"@type\":\"PropertyValueSpecification\",\"valueRequired\":true,\"valueName\":\"search_term_string\"}}],\"inLanguage\":\"fr-FR\"}]}<\/script>\n<!-- \/ Yoast SEO plugin. -->","yoast_head_json":{"title":"Mercedes-Benz Vito Sport Tourer 116 CDI 7 G Automatique Euro 6C - Postrelais","description":"Louez notre bus pour 8-9 personnes. D'un jour \u00e0 12 jours. \u00c0 partir de 55 \u20ac. Id\u00e9al pour les petits groupes, pour un voyage \u00e0 travers la Belgique, le Luxembourg ou l'Allemagne.","robots":{"index":"index","follow":"follow","max-snippet":"max-snippet:-1","max-image-preview":"max-image-preview:large","max-video-preview":"max-video-preview:-1"},"canonical":"https:\/\/www.postrelais.eu\/fr\/9s-bus-rental\/","og_locale":"fr_FR","og_type":"article","og_title":"Mercedes-Benz Vito Sport Tourer 116 CDI 7 G Automatique Euro 6C - Postrelais","og_description":"Louez notre bus pour 8-9 personnes. D'un jour \u00e0 12 jours. \u00c0 partir de 55 \u20ac. Id\u00e9al pour les petits groupes, pour un voyage \u00e0 travers la Belgique, le Luxembourg ou l'Allemagne.","og_url":"https:\/\/www.postrelais.eu\/fr\/9s-bus-rental\/","og_site_name":"Postrelais","article_modified_time":"2021-11-16T10:58:32+00:00","twitter_card":"summary_large_image","twitter_misc":{"Dur\u00e9e de lecture estim\u00e9e":"1 minute"},"schema":{"@context":"https:\/\/schema.org","@graph":[{"@type":"WebPage","@id":"https:\/\/www.postrelais.eu\/fr\/9s-bus-rental\/","url":"https:\/\/www.postrelais.eu\/fr\/9s-bus-rental\/","name":"Mercedes-Benz Vito Sport Tourer 116 CDI 7 G Automatique Euro 6C - Postrelais","isPartOf":{"@id":"https:\/\/www.postrelais.eu\/#website"},"datePublished":"2020-01-23T07:55:32+00:00","dateModified":"2021-11-16T10:58:32+00:00","description":"Louez notre bus pour 8-9 personnes. D'un jour \u00e0 12 jours. \u00c0 partir de 55 \u20ac. Id\u00e9al pour les petits groupes, pour un voyage \u00e0 travers la Belgique, le Luxembourg ou l'Allemagne.","inLanguage":"fr-FR","potentialAction":[{"@type":"ReadAction","target":["https:\/\/www.postrelais.eu\/fr\/9s-bus-rental\/"]}]},{"@type":"WebSite","@id":"https:\/\/www.postrelais.eu\/#website","url":"https:\/\/www.postrelais.eu\/","name":"Postrelais","description":"Just another WordPress site","potentialAction":[{"@type":"SearchAction","target":{"@type":"EntryPoint","urlTemplate":"https:\/\/www.postrelais.eu\/?s={search_term_string}"},"query-input":{"@type":"PropertyValueSpecification","valueRequired":true,"valueName":"search_term_string"}}],"inLanguage":"fr-FR"}]}},"_links":{"self":[{"href":"https:\/\/www.postrelais.eu\/fr\/wp-json\/wp\/v2\/pages\/1218","targetHints":{"allow":["GET"]}}],"collection":[{"href":"https:\/\/www.postrelais.eu\/fr\/wp-json\/wp\/v2\/pages"}],"about":[{"href":"https:\/\/www.postrelais.eu\/fr\/wp-json\/wp\/v2\/types\/page"}],"author":[{"embeddable":true,"href":"https:\/\/www.postrelais.eu\/fr\/wp-json\/wp\/v2\/users\/2"}],"replies":[{"embeddable":true,"href":"https:\/\/www.postrelais.eu\/fr\/wp-json\/wp\/v2\/comments?post=1218"}],"version-history":[{"count":1,"href":"https:\/\/www.postrelais.eu\/fr\/wp-json\/wp\/v2\/pages\/1218\/revisions"}],"predecessor-version":[{"id":1238,"href":"https:\/\/www.postrelais.eu\/fr\/wp-json\/wp\/v2\/pages\/1218\/revisions\/1238"}],"wp:attachment":[{"href":"https:\/\/www.postrelais.eu\/fr\/wp-json\/wp\/v2\/media?parent=1218"}],"curies":[{"name":"wp","href":"https:\/\/api.w.org\/{rel}","templated":true}]}}