{"id":1216,"date":"2020-01-30T07:32:43","date_gmt":"2020-01-30T07:32:43","guid":{"rendered":"https:\/\/www.postrelais.eu\/reservation\/"},"modified":"2021-11-22T12:37:58","modified_gmt":"2021-11-22T12:37:58","slug":"reservation","status":"publish","type":"page","link":"https:\/\/www.postrelais.eu\/fr\/reservation\/","title":{"rendered":"R\u00e9server"},"content":{"rendered":"","protected":false},"excerpt":{"rendered":"","protected":false},"author":1,"featured_media":1217,"parent":0,"menu_order":25,"comment_status":"closed","ping_status":"closed","template":"page-booking.php","meta":{"_acf_changed":false,"footnotes":""},"class_list":["post-1216","page","type-page","status-publish","has-post-thumbnail","hentry"],"acf":[],"yoast_head":"<!-- This site is optimized with the Yoast SEO plugin v27.4 - https:\/\/yoast.com\/product\/yoast-seo-wordpress\/ -->\n<title>R\u00e9server - Postrelais<\/title>\n<meta name=\"description\" content=\"R\u00e9servez l&#039;un de nos appartements de vacances, au c\u0153ur de la nature de l&#039;Est de la Belgique. Nous accueillons les familles, les randonneurs et les cyclistes pr\u00e8s de la fronti\u00e8re luxembourgeoise.\" \/>\n<meta name=\"robots\" content=\"index, follow, max-snippet:-1, max-image-preview:large, max-video-preview:-1\" \/>\n<link rel=\"canonical\" href=\"https:\/\/www.postrelais.eu\/fr\/reservation\/\" \/>\n<meta property=\"og:locale\" content=\"fr_FR\" \/>\n<meta property=\"og:type\" content=\"article\" \/>\n<meta property=\"og:title\" content=\"R\u00e9server - Postrelais\" \/>\n<meta property=\"og:description\" content=\"R\u00e9servez l&#039;un de nos appartements de vacances, au c\u0153ur de la nature de l&#039;Est de la Belgique. Nous accueillons les familles, les randonneurs et les cyclistes pr\u00e8s de la fronti\u00e8re luxembourgeoise.\" \/>\n<meta property=\"og:url\" content=\"https:\/\/www.postrelais.eu\/fr\/reservation\/\" \/>\n<meta property=\"og:site_name\" content=\"Postrelais\" \/>\n<meta property=\"article:modified_time\" content=\"2021-11-22T12:37:58+00:00\" \/>\n<meta property=\"og:image\" content=\"https:\/\/www.postrelais.eu\/wp-content\/uploads\/2020\/01\/thumbnail-4.jpg\" \/>\n\t<meta property=\"og:image:width\" content=\"1719\" \/>\n\t<meta property=\"og:image:height\" content=\"1289\" \/>\n\t<meta property=\"og:image:type\" content=\"image\/jpeg\" \/>\n<meta name=\"twitter:card\" content=\"summary_large_image\" \/>\n<script type=\"application\/ld+json\" class=\"yoast-schema-graph\">{\"@context\":\"https:\\\/\\\/schema.org\",\"@graph\":[{\"@type\":\"WebPage\",\"@id\":\"https:\\\/\\\/www.postrelais.eu\\\/fr\\\/reservation\\\/\",\"url\":\"https:\\\/\\\/www.postrelais.eu\\\/fr\\\/reservation\\\/\",\"name\":\"R\u00e9server - Postrelais\",\"isPartOf\":{\"@id\":\"https:\\\/\\\/www.postrelais.eu\\\/#website\"},\"primaryImageOfPage\":{\"@id\":\"https:\\\/\\\/www.postrelais.eu\\\/fr\\\/reservation\\\/#primaryimage\"},\"image\":{\"@id\":\"https:\\\/\\\/www.postrelais.eu\\\/fr\\\/reservation\\\/#primaryimage\"},\"thumbnailUrl\":\"https:\\\/\\\/www.postrelais.eu\\\/wp-content\\\/uploads\\\/2020\\\/01\\\/thumbnail-4.jpg\",\"datePublished\":\"2020-01-30T07:32:43+00:00\",\"dateModified\":\"2021-11-22T12:37:58+00:00\",\"description\":\"R\u00e9servez l'un de nos appartements de vacances, au c\u0153ur de la nature de l'Est de la Belgique. Nous accueillons les familles, les randonneurs et les cyclistes pr\u00e8s de la fronti\u00e8re luxembourgeoise.\",\"inLanguage\":\"fr-FR\",\"potentialAction\":[{\"@type\":\"ReadAction\",\"target\":[\"https:\\\/\\\/www.postrelais.eu\\\/fr\\\/reservation\\\/\"]}]},{\"@type\":\"ImageObject\",\"inLanguage\":\"fr-FR\",\"@id\":\"https:\\\/\\\/www.postrelais.eu\\\/fr\\\/reservation\\\/#primaryimage\",\"url\":\"https:\\\/\\\/www.postrelais.eu\\\/wp-content\\\/uploads\\\/2020\\\/01\\\/thumbnail-4.jpg\",\"contentUrl\":\"https:\\\/\\\/www.postrelais.eu\\\/wp-content\\\/uploads\\\/2020\\\/01\\\/thumbnail-4.jpg\",\"width\":1719,\"height\":1289},{\"@type\":\"WebSite\",\"@id\":\"https:\\\/\\\/www.postrelais.eu\\\/#website\",\"url\":\"https:\\\/\\\/www.postrelais.eu\\\/\",\"name\":\"Postrelais\",\"description\":\"Just another WordPress site\",\"potentialAction\":[{\"@type\":\"SearchAction\",\"target\":{\"@type\":\"EntryPoint\",\"urlTemplate\":\"https:\\\/\\\/www.postrelais.eu\\\/?s={search_term_string}\"},\"query-input\":{\"@type\":\"PropertyValueSpecification\",\"valueRequired\":true,\"valueName\":\"search_term_string\"}}],\"inLanguage\":\"fr-FR\"}]}<\/script>\n<!-- \/ Yoast SEO plugin. -->","yoast_head_json":{"title":"R\u00e9server - Postrelais","description":"R\u00e9servez l'un de nos appartements de vacances, au c\u0153ur de la nature de l'Est de la Belgique. Nous accueillons les familles, les randonneurs et les cyclistes pr\u00e8s de la fronti\u00e8re luxembourgeoise.","robots":{"index":"index","follow":"follow","max-snippet":"max-snippet:-1","max-image-preview":"max-image-preview:large","max-video-preview":"max-video-preview:-1"},"canonical":"https:\/\/www.postrelais.eu\/fr\/reservation\/","og_locale":"fr_FR","og_type":"article","og_title":"R\u00e9server - Postrelais","og_description":"R\u00e9servez l'un de nos appartements de vacances, au c\u0153ur de la nature de l'Est de la Belgique. Nous accueillons les familles, les randonneurs et les cyclistes pr\u00e8s de la fronti\u00e8re luxembourgeoise.","og_url":"https:\/\/www.postrelais.eu\/fr\/reservation\/","og_site_name":"Postrelais","article_modified_time":"2021-11-22T12:37:58+00:00","og_image":[{"width":1719,"height":1289,"url":"https:\/\/www.postrelais.eu\/wp-content\/uploads\/2020\/01\/thumbnail-4.jpg","type":"image\/jpeg"}],"twitter_card":"summary_large_image","schema":{"@context":"https:\/\/schema.org","@graph":[{"@type":"WebPage","@id":"https:\/\/www.postrelais.eu\/fr\/reservation\/","url":"https:\/\/www.postrelais.eu\/fr\/reservation\/","name":"R\u00e9server - Postrelais","isPartOf":{"@id":"https:\/\/www.postrelais.eu\/#website"},"primaryImageOfPage":{"@id":"https:\/\/www.postrelais.eu\/fr\/reservation\/#primaryimage"},"image":{"@id":"https:\/\/www.postrelais.eu\/fr\/reservation\/#primaryimage"},"thumbnailUrl":"https:\/\/www.postrelais.eu\/wp-content\/uploads\/2020\/01\/thumbnail-4.jpg","datePublished":"2020-01-30T07:32:43+00:00","dateModified":"2021-11-22T12:37:58+00:00","description":"R\u00e9servez l'un de nos appartements de vacances, au c\u0153ur de la nature de l'Est de la Belgique. Nous accueillons les familles, les randonneurs et les cyclistes pr\u00e8s de la fronti\u00e8re luxembourgeoise.","inLanguage":"fr-FR","potentialAction":[{"@type":"ReadAction","target":["https:\/\/www.postrelais.eu\/fr\/reservation\/"]}]},{"@type":"ImageObject","inLanguage":"fr-FR","@id":"https:\/\/www.postrelais.eu\/fr\/reservation\/#primaryimage","url":"https:\/\/www.postrelais.eu\/wp-content\/uploads\/2020\/01\/thumbnail-4.jpg","contentUrl":"https:\/\/www.postrelais.eu\/wp-content\/uploads\/2020\/01\/thumbnail-4.jpg","width":1719,"height":1289},{"@type":"WebSite","@id":"https:\/\/www.postrelais.eu\/#website","url":"https:\/\/www.postrelais.eu\/","name":"Postrelais","description":"Just another WordPress site","potentialAction":[{"@type":"SearchAction","target":{"@type":"EntryPoint","urlTemplate":"https:\/\/www.postrelais.eu\/?s={search_term_string}"},"query-input":{"@type":"PropertyValueSpecification","valueRequired":true,"valueName":"search_term_string"}}],"inLanguage":"fr-FR"}]}},"_links":{"self":[{"href":"https:\/\/www.postrelais.eu\/fr\/wp-json\/wp\/v2\/pages\/1216","targetHints":{"allow":["GET"]}}],"collection":[{"href":"https:\/\/www.postrelais.eu\/fr\/wp-json\/wp\/v2\/pages"}],"about":[{"href":"https:\/\/www.postrelais.eu\/fr\/wp-json\/wp\/v2\/types\/page"}],"author":[{"embeddable":true,"href":"https:\/\/www.postrelais.eu\/fr\/wp-json\/wp\/v2\/users\/1"}],"replies":[{"embeddable":true,"href":"https:\/\/www.postrelais.eu\/fr\/wp-json\/wp\/v2\/comments?post=1216"}],"version-history":[{"count":4,"href":"https:\/\/www.postrelais.eu\/fr\/wp-json\/wp\/v2\/pages\/1216\/revisions"}],"predecessor-version":[{"id":2196,"href":"https:\/\/www.postrelais.eu\/fr\/wp-json\/wp\/v2\/pages\/1216\/revisions\/2196"}],"wp:featuredmedia":[{"embeddable":true,"href":"https:\/\/www.postrelais.eu\/fr\/wp-json\/wp\/v2\/media\/1217"}],"wp:attachment":[{"href":"https:\/\/www.postrelais.eu\/fr\/wp-json\/wp\/v2\/media?parent=1216"}],"curies":[{"name":"wp","href":"https:\/\/api.w.org\/{rel}","templated":true}]}}