{"id":1185,"date":"2020-10-26T13:01:21","date_gmt":"2020-10-26T13:01:21","guid":{"rendered":"https:\/\/www.postrelais.eu\/aktivitaten\/"},"modified":"2022-08-09T08:01:02","modified_gmt":"2022-08-09T08:01:02","slug":"aktivitaten","status":"publish","type":"page","link":"https:\/\/www.postrelais.eu\/fr\/aktivitaten\/","title":{"rendered":"Activit\u00e9s"},"content":{"rendered":"","protected":false},"excerpt":{"rendered":"","protected":false},"author":2,"featured_media":718,"parent":0,"menu_order":0,"comment_status":"closed","ping_status":"closed","template":"page-links.php","meta":{"_acf_changed":false,"footnotes":""},"class_list":["post-1185","page","type-page","status-publish","has-post-thumbnail","hentry"],"acf":[],"yoast_head":"<!-- This site is optimized with the Yoast SEO plugin v27.5 - https:\/\/yoast.com\/product\/yoast-seo-wordpress\/ -->\n<title>Postrelais - Oudler - Activit\u00e9s dans l&#039;Est de la Belgique pr\u00e8s du Postrelais Oudler<\/title>\n<meta name=\"description\" content=\"Randonn\u00e9e, cyclisme, mus\u00e9es, restaurants avec sp\u00e9cialit\u00e9s locales. Lieux d&#039;int\u00e9r\u00eat dans l&#039;Est de la Belgique, pr\u00e8s du Postrelais\" \/>\n<meta name=\"robots\" content=\"index, follow, max-snippet:-1, max-image-preview:large, max-video-preview:-1\" \/>\n<link rel=\"canonical\" href=\"https:\/\/www.postrelais.eu\/fr\/aktivitaten\/\" \/>\n<meta property=\"og:locale\" content=\"fr_FR\" \/>\n<meta property=\"og:type\" content=\"article\" \/>\n<meta property=\"og:title\" content=\"Postrelais - Oudler - Activit\u00e9s dans l&#039;Est de la Belgique pr\u00e8s du Postrelais Oudler\" \/>\n<meta property=\"og:description\" content=\"Randonn\u00e9e, cyclisme, mus\u00e9es, restaurants avec sp\u00e9cialit\u00e9s locales. Lieux d&#039;int\u00e9r\u00eat dans l&#039;Est de la Belgique, pr\u00e8s du Postrelais\" \/>\n<meta property=\"og:url\" content=\"https:\/\/www.postrelais.eu\/fr\/aktivitaten\/\" \/>\n<meta property=\"og:site_name\" content=\"Postrelais\" \/>\n<meta property=\"article:modified_time\" content=\"2022-08-09T08:01:02+00:00\" \/>\n<meta property=\"og:image\" content=\"https:\/\/www.postrelais.eu\/wp-content\/uploads\/2021\/05\/see.jpg\" \/>\n\t<meta property=\"og:image:width\" content=\"2560\" \/>\n\t<meta property=\"og:image:height\" content=\"948\" \/>\n\t<meta property=\"og:image:type\" content=\"image\/jpeg\" \/>\n<meta name=\"twitter:card\" content=\"summary_large_image\" \/>\n<script type=\"application\/ld+json\" class=\"yoast-schema-graph\">{\"@context\":\"https:\\\/\\\/schema.org\",\"@graph\":[{\"@type\":\"WebPage\",\"@id\":\"https:\\\/\\\/www.postrelais.eu\\\/fr\\\/aktivitaten\\\/\",\"url\":\"https:\\\/\\\/www.postrelais.eu\\\/fr\\\/aktivitaten\\\/\",\"name\":\"Postrelais - Oudler - Activit\u00e9s dans l'Est de la Belgique pr\u00e8s du Postrelais Oudler\",\"isPartOf\":{\"@id\":\"https:\\\/\\\/www.postrelais.eu\\\/#website\"},\"primaryImageOfPage\":{\"@id\":\"https:\\\/\\\/www.postrelais.eu\\\/fr\\\/aktivitaten\\\/#primaryimage\"},\"image\":{\"@id\":\"https:\\\/\\\/www.postrelais.eu\\\/fr\\\/aktivitaten\\\/#primaryimage\"},\"thumbnailUrl\":\"https:\\\/\\\/www.postrelais.eu\\\/wp-content\\\/uploads\\\/2021\\\/05\\\/see.jpg\",\"datePublished\":\"2020-10-26T13:01:21+00:00\",\"dateModified\":\"2022-08-09T08:01:02+00:00\",\"description\":\"Randonn\u00e9e, cyclisme, mus\u00e9es, restaurants avec sp\u00e9cialit\u00e9s locales. Lieux d'int\u00e9r\u00eat dans l'Est de la Belgique, pr\u00e8s du Postrelais\",\"inLanguage\":\"fr-FR\",\"potentialAction\":[{\"@type\":\"ReadAction\",\"target\":[\"https:\\\/\\\/www.postrelais.eu\\\/fr\\\/aktivitaten\\\/\"]}]},{\"@type\":\"ImageObject\",\"inLanguage\":\"fr-FR\",\"@id\":\"https:\\\/\\\/www.postrelais.eu\\\/fr\\\/aktivitaten\\\/#primaryimage\",\"url\":\"https:\\\/\\\/www.postrelais.eu\\\/wp-content\\\/uploads\\\/2021\\\/05\\\/see.jpg\",\"contentUrl\":\"https:\\\/\\\/www.postrelais.eu\\\/wp-content\\\/uploads\\\/2021\\\/05\\\/see.jpg\",\"width\":2560,\"height\":948},{\"@type\":\"WebSite\",\"@id\":\"https:\\\/\\\/www.postrelais.eu\\\/#website\",\"url\":\"https:\\\/\\\/www.postrelais.eu\\\/\",\"name\":\"Postrelais\",\"description\":\"Just another WordPress site\",\"potentialAction\":[{\"@type\":\"SearchAction\",\"target\":{\"@type\":\"EntryPoint\",\"urlTemplate\":\"https:\\\/\\\/www.postrelais.eu\\\/?s={search_term_string}\"},\"query-input\":{\"@type\":\"PropertyValueSpecification\",\"valueRequired\":true,\"valueName\":\"search_term_string\"}}],\"inLanguage\":\"fr-FR\"}]}<\/script>\n<!-- \/ Yoast SEO plugin. -->","yoast_head_json":{"title":"Postrelais - Oudler - Activit\u00e9s dans l'Est de la Belgique pr\u00e8s du Postrelais Oudler","description":"Randonn\u00e9e, cyclisme, mus\u00e9es, restaurants avec sp\u00e9cialit\u00e9s locales. Lieux d'int\u00e9r\u00eat dans l'Est de la Belgique, pr\u00e8s du Postrelais","robots":{"index":"index","follow":"follow","max-snippet":"max-snippet:-1","max-image-preview":"max-image-preview:large","max-video-preview":"max-video-preview:-1"},"canonical":"https:\/\/www.postrelais.eu\/fr\/aktivitaten\/","og_locale":"fr_FR","og_type":"article","og_title":"Postrelais - Oudler - Activit\u00e9s dans l'Est de la Belgique pr\u00e8s du Postrelais Oudler","og_description":"Randonn\u00e9e, cyclisme, mus\u00e9es, restaurants avec sp\u00e9cialit\u00e9s locales. Lieux d'int\u00e9r\u00eat dans l'Est de la Belgique, pr\u00e8s du Postrelais","og_url":"https:\/\/www.postrelais.eu\/fr\/aktivitaten\/","og_site_name":"Postrelais","article_modified_time":"2022-08-09T08:01:02+00:00","og_image":[{"width":2560,"height":948,"url":"https:\/\/www.postrelais.eu\/wp-content\/uploads\/2021\/05\/see.jpg","type":"image\/jpeg"}],"twitter_card":"summary_large_image","schema":{"@context":"https:\/\/schema.org","@graph":[{"@type":"WebPage","@id":"https:\/\/www.postrelais.eu\/fr\/aktivitaten\/","url":"https:\/\/www.postrelais.eu\/fr\/aktivitaten\/","name":"Postrelais - Oudler - Activit\u00e9s dans l'Est de la Belgique pr\u00e8s du Postrelais Oudler","isPartOf":{"@id":"https:\/\/www.postrelais.eu\/#website"},"primaryImageOfPage":{"@id":"https:\/\/www.postrelais.eu\/fr\/aktivitaten\/#primaryimage"},"image":{"@id":"https:\/\/www.postrelais.eu\/fr\/aktivitaten\/#primaryimage"},"thumbnailUrl":"https:\/\/www.postrelais.eu\/wp-content\/uploads\/2021\/05\/see.jpg","datePublished":"2020-10-26T13:01:21+00:00","dateModified":"2022-08-09T08:01:02+00:00","description":"Randonn\u00e9e, cyclisme, mus\u00e9es, restaurants avec sp\u00e9cialit\u00e9s locales. Lieux d'int\u00e9r\u00eat dans l'Est de la Belgique, pr\u00e8s du Postrelais","inLanguage":"fr-FR","potentialAction":[{"@type":"ReadAction","target":["https:\/\/www.postrelais.eu\/fr\/aktivitaten\/"]}]},{"@type":"ImageObject","inLanguage":"fr-FR","@id":"https:\/\/www.postrelais.eu\/fr\/aktivitaten\/#primaryimage","url":"https:\/\/www.postrelais.eu\/wp-content\/uploads\/2021\/05\/see.jpg","contentUrl":"https:\/\/www.postrelais.eu\/wp-content\/uploads\/2021\/05\/see.jpg","width":2560,"height":948},{"@type":"WebSite","@id":"https:\/\/www.postrelais.eu\/#website","url":"https:\/\/www.postrelais.eu\/","name":"Postrelais","description":"Just another WordPress site","potentialAction":[{"@type":"SearchAction","target":{"@type":"EntryPoint","urlTemplate":"https:\/\/www.postrelais.eu\/?s={search_term_string}"},"query-input":{"@type":"PropertyValueSpecification","valueRequired":true,"valueName":"search_term_string"}}],"inLanguage":"fr-FR"}]}},"_links":{"self":[{"href":"https:\/\/www.postrelais.eu\/fr\/wp-json\/wp\/v2\/pages\/1185","targetHints":{"allow":["GET"]}}],"collection":[{"href":"https:\/\/www.postrelais.eu\/fr\/wp-json\/wp\/v2\/pages"}],"about":[{"href":"https:\/\/www.postrelais.eu\/fr\/wp-json\/wp\/v2\/types\/page"}],"author":[{"embeddable":true,"href":"https:\/\/www.postrelais.eu\/fr\/wp-json\/wp\/v2\/users\/2"}],"replies":[{"embeddable":true,"href":"https:\/\/www.postrelais.eu\/fr\/wp-json\/wp\/v2\/comments?post=1185"}],"version-history":[{"count":4,"href":"https:\/\/www.postrelais.eu\/fr\/wp-json\/wp\/v2\/pages\/1185\/revisions"}],"predecessor-version":[{"id":3037,"href":"https:\/\/www.postrelais.eu\/fr\/wp-json\/wp\/v2\/pages\/1185\/revisions\/3037"}],"wp:featuredmedia":[{"embeddable":true,"href":"https:\/\/www.postrelais.eu\/fr\/wp-json\/wp\/v2\/media\/718"}],"wp:attachment":[{"href":"https:\/\/www.postrelais.eu\/fr\/wp-json\/wp\/v2\/media?parent=1185"}],"curies":[{"name":"wp","href":"https:\/\/api.w.org\/{rel}","templated":true}]}}